{"id":120,"date":"2012-08-23T17:14:42","date_gmt":"2012-08-23T15:14:42","guid":{"rendered":"http:\/\/xvrtrainingscenter.wordpress.com\/?page_id=120"},"modified":"2021-12-11T14:29:41","modified_gmt":"2021-12-11T13:29:41","slug":"publikationen","status":"publish","type":"page","link":"https:\/\/blogneu.roteskreuz.at\/einsatztaktiktraining\/publikationen\/","title":{"rendered":"Publikationen"},"content":{"rendered":"<p>Hier finden Sie Publikationen zum Thema VR Trainings und zu unserem XVR Trainingscenter f\u00fcr BOS.<\/p>\n<p><strong>Oktober 2021<br \/>\n<\/strong>Publikation f\u00fcr die Disaster Research Days 21. In diesem Paper beschreiben wir die Entwicklung, den Einsatz und den Nutzen von VR Technologien im Rahmen der IRONORE19.<br \/>\nAbstract: &#8222;In diesem Artikel wird Planung, Entwicklung, Einsatz und Wirkung von VR Technologien am Beispiel<br \/>\nXVR im Rahmen des durch die EU-cofinanzierten Katastrophenschutzprojekts IRONORE2019 (UCPM-<br \/>\n2018-EX-AG) beschrieben. Als Vorbereitung f\u00fcr eine Full Scale Exercise (FSX) in LEOBEN mit Schwer-<br \/>\ngewicht Stadt EISENERZ, wurde drei Monate vor der FSX eine Discussion Based Exercise (DBX) mit<br \/>\nden Kommandant*innen der nationalen und internationalen \u00fcbenden Einheiten durchgef\u00fchrt. Um<br \/>\ndie Simulation eines Einsatzes im Rahmen des EU-Katastrophenschutzmechanismus zu unterst\u00fct-<br \/>\nzen, wurden 5 x 5 km Gel\u00e4nde der Stadt EISENERZ als VR Umgebung mit \u00fcber 1600 H\u00e4usern sowie<br \/>\nmit Stra\u00dfen als Erdbebengebiet nachgebaut. Die Nutzung der VR Technologie wurde vom wissen-<br \/>\nschaftlichen Projektpartner DCNA evaluiert, die Ergebnisse der Evaluation sind hier dokumentiert.&#8220;<br \/>\nPDF Dokument (Download von DCNA Website): <a href=\"https:\/\/www.dcna.at\/files\/tao\/img\/veranstaltungen\/drd21\/DRD21_Konferenzband.pdf\" target=\"_blank\" rel=\"noopener\">Download<\/a><\/p>\n<p><strong>September 2020<\/strong><br \/>\nAbschlussbericht IRONORE19 EU Projekt mit Dokumentation der Nutzung von XVR im Rahmen der Discussion Based Exercise und der Full Scale Exercise.<br \/>\nPDF Dokument: <a href=\"https:\/\/nextcloud.st.roteskreuz.at\/index.php\/s\/RizjEgxTFXNAXWy\" target=\"_blank\" rel=\"noopener noreferrer\">Download<\/a><\/p>\n<p><strong>April 2020<br \/>\n<\/strong>Arbeitsgrundlage f\u00fcr den Einsatz von XVRSIM im \u00d6RK Landesverband Steiermark. Das Whitepaper gibt einen Einblick in die aktuellen methodischen Abl\u00e4ufe und gibt Handlungsempfehlungen f\u00fcr das Training von XVRSIM im LV Stmk.<br \/>\nPDF Dokument: <a href=\"https:\/\/nextcloud.st.roteskreuz.at\/index.php\/s\/CWw6NMaqqLSnkcR\" target=\"_blank\" rel=\"noopener noreferrer\">Download<\/a><\/p>\n<p><strong>November 2019<br \/>\n<\/strong>Konferenzbeitrag zu Zivilschutzkonferenz &#8222;Effective Response Conference&#8220; in Sopron. Titel: &#8222;Training impact on Disaster Management Exercises by using State-of-the-art Simulation, Information and Communication Tools&#8220;<br \/>\nPoster: <a href=\"https:\/\/www.dropbox.com\/s\/dcgm83zjqaw2nn9\/Ironore%20Plakat%20A0%20Nov2019.pdf?dl=0\" target=\"_blank\" rel=\"noopener noreferrer\">Download<\/a><\/p>\n<p><strong>Juni 2012<\/strong><br \/>\nTitel:<br \/>\n&#8222;Einsatzleitung im virtuellen taktischen Raum \u2013 Das Rote Kreuz Steiermark geht neue Wege&#8220;<\/p>\n<p>Abstract:<br \/>\nDer Einsatz von Simulationssoftware im Rahmen der Ausbildung und des Trainings wird in Zukunft bei Einsatzorganisationen ma\u00dfgeblich zunehmen. Das Bildungs\u2010 und Einsatzzentrum des Steirischen Roten Kreuzes setzt seit 2010, als erster Rettungsdienstschule in \u00d6sterreich, das innovative virtuelle Einsatztaktiksystem \u201eXVR\u201c im Rahmen der Offiziersaus\u2010 und Weiterbildung ein. Und das mit Erfolg, denn es werden nun nicht nur Einsatzoffiziere in ihrer Funktion als Einsatzleiter geschult sondern weitere Anwendungsfelder f\u00fcr die Simulation, z.B. Triage\u00fcbungen f\u00fcr Medizinstudenten, Rettungssanit\u00e4ter, Notfallsanit\u00e4ter und Not\u00e4rzte, erschlossen.<\/p>\n<p>Download Artikel: <a href=\"https:\/\/blogneu.roteskreuz.at\/einsatztaktiktraining\/wp-content\/uploads\/sites\/9\/2012\/08\/2012-artikel-xvr-final-rettungsdienst.pdf\" target=\"_blank\" rel=\"noopener noreferrer\">2012 Artikel XVR Final Rettungsdienst<\/a><\/p>\n","protected":false},"excerpt":{"rendered":"<p>Hier finden Sie Publikationen zum Thema VR Trainings und zu unserem XVR Trainingscenter f\u00fcr BOS. Oktober 2021 Publikation f\u00fcr die Disaster Research Days 21. In diesem Paper beschreiben wir die<\/p>\n","protected":false},"author":42,"featured_media":0,"parent":0,"menu_order":0,"comment_status":"closed","ping_status":"closed","template":"","meta":{"_monsterinsights_skip_tracking":false,"_monsterinsights_sitenote_active":false,"_monsterinsights_sitenote_note":"","_monsterinsights_sitenote_category":0,"jetpack_post_was_ever_published":false,"footnotes":""},"class_list":["post-120","page","type-page","status-publish","hentry"],"jetpack_sharing_enabled":true,"jetpack_shortlink":"https:\/\/wp.me\/PajwO2-1W","_links":{"self":[{"href":"https:\/\/blogneu.roteskreuz.at\/einsatztaktiktraining\/wp-json\/wp\/v2\/pages\/120","targetHints":{"allow":["GET"]}}],"collection":[{"href":"https:\/\/blogneu.roteskreuz.at\/einsatztaktiktraining\/wp-json\/wp\/v2\/pages"}],"about":[{"href":"https:\/\/blogneu.roteskreuz.at\/einsatztaktiktraining\/wp-json\/wp\/v2\/types\/page"}],"author":[{"embeddable":true,"href":"https:\/\/blogneu.roteskreuz.at\/einsatztaktiktraining\/wp-json\/wp\/v2\/users\/42"}],"replies":[{"embeddable":true,"href":"https:\/\/blogneu.roteskreuz.at\/einsatztaktiktraining\/wp-json\/wp\/v2\/comments?post=120"}],"version-history":[{"count":7,"href":"https:\/\/blogneu.roteskreuz.at\/einsatztaktiktraining\/wp-json\/wp\/v2\/pages\/120\/revisions"}],"predecessor-version":[{"id":638,"href":"https:\/\/blogneu.roteskreuz.at\/einsatztaktiktraining\/wp-json\/wp\/v2\/pages\/120\/revisions\/638"}],"wp:attachment":[{"href":"https:\/\/blogneu.roteskreuz.at\/einsatztaktiktraining\/wp-json\/wp\/v2\/media?parent=120"}],"curies":[{"name":"wp","href":"https:\/\/api.w.org\/{rel}","templated":true}]}}