{"id":184,"date":"2013-03-16T19:20:02","date_gmt":"2013-03-16T18:20:02","guid":{"rendered":"http:\/\/xvrtrainingscenter.wordpress.com\/?page_id=184"},"modified":"2018-09-30T17:16:58","modified_gmt":"2018-09-30T15:16:58","slug":"stabsubungen-fur-bos","status":"publish","type":"page","link":"https:\/\/blogneu.roteskreuz.at\/einsatztaktiktraining\/stabsubungen-fur-bos\/","title":{"rendered":"Stabs\u00fcbungen f\u00fcr BOS"},"content":{"rendered":"<p>Unsere Trainingssoftware ist rein f\u00fcr Einsatztaktik Schulungen konzipiert. Das bedeutet, dass Einsatzleiter in einem taktischen Raum (Autobahn, Tunnel, Siedlung, Landstrasse, Flughafen, etc. &#8211; Siehe Bildergalerie) unmittelbare Ma\u00dfnahmen durchf\u00fchren m\u00fcssen. Damit k\u00f6nnen Einsatzleiter ihr F\u00fchrungsverhalten sowie ihr F\u00fchrungsverfahren unter zeitkritischen Bedingungen erproben und verbessern.<\/p>\n<p>Damit Einsatzst\u00e4be operativ be\u00fcbt werden k\u00f6nnen, bieten wir <strong>Schulungskonzepte f\u00fcr Stabsrahmen\u00fcbungen\u00a0<\/strong>in Koppelung mit unsere Einsatztaktik\u00a0Trainingssoftware an. Dazu k\u00f6nnen wir entweder auf das RK interne F\u00fchrungsinformationssystem (F\u00fcIS) zur\u00fcckgreifen oder mit unserem Kooperationspartner\u00a0den F\u00fcSim (F\u00fchrungssimulator) der Theresianischen Milit\u00e4rakademie nutzen.<\/p>\n<p>Bei Interesse stehen wir Ihnen f\u00fcr R\u00fcckfragen gerne zur Verf\u00fcgung. Wir sind mit unserer Ausr\u00fcstung mobil, gerne kommen wir zu Ihnen. <a href=\"https:\/\/blogneu.roteskreuz.at\/einsatztaktiktraining\/kontakt\/\">&gt;&gt;Kontakt<\/a><\/p>\n<p class=\"jetpack-slideshow-noscript robots-nocontent\">Diese Diashow ben\u00f6tigt JavaScript.<\/p><div id=\"gallery-184-1-slideshow\" class=\"jetpack-slideshow-window jetpack-slideshow jetpack-slideshow-black\" data-trans=\"fade\" data-autostart=\"1\" data-gallery=\"[{&quot;src&quot;:&quot;https:\\\/\\\/blogneu.roteskreuz.at\\\/einsatztaktiktraining\\\/wp-content\\\/uploads\\\/sites\\\/9\\\/2012\\\/08\\\/screenshot_2012-08-25_17-31-50.png&quot;,&quot;id&quot;:&quot;134&quot;,&quot;title&quot;:&quot;screenshot_2012-08-25_17-31-50&quot;,&quot;alt&quot;:&quot;&quot;,&quot;caption&quot;:&quot;&quot;,&quot;itemprop&quot;:&quot;image&quot;},{&quot;src&quot;:&quot;https:\\\/\\\/blogneu.roteskreuz.at\\\/einsatztaktiktraining\\\/wp-content\\\/uploads\\\/sites\\\/9\\\/2013\\\/03\\\/bild1.png&quot;,&quot;id&quot;:&quot;187&quot;,&quot;title&quot;:&quot;Bild1&quot;,&quot;alt&quot;:&quot;&quot;,&quot;caption&quot;:&quot;&quot;,&quot;itemprop&quot;:&quot;image&quot;},{&quot;src&quot;:&quot;https:\\\/\\\/blogneu.roteskreuz.at\\\/einsatztaktiktraining\\\/wp-content\\\/uploads\\\/sites\\\/9\\\/2013\\\/03\\\/bild3.png&quot;,&quot;id&quot;:&quot;189&quot;,&quot;title&quot;:&quot;Bild3&quot;,&quot;alt&quot;:&quot;&quot;,&quot;caption&quot;:&quot;&quot;,&quot;itemprop&quot;:&quot;image&quot;},{&quot;src&quot;:&quot;https:\\\/\\\/blogneu.roteskreuz.at\\\/einsatztaktiktraining\\\/wp-content\\\/uploads\\\/sites\\\/9\\\/2013\\\/03\\\/bild4.png&quot;,&quot;id&quot;:&quot;190&quot;,&quot;title&quot;:&quot;Bild4&quot;,&quot;alt&quot;:&quot;&quot;,&quot;caption&quot;:&quot;&quot;,&quot;itemprop&quot;:&quot;image&quot;},{&quot;src&quot;:&quot;https:\\\/\\\/blogneu.roteskreuz.at\\\/einsatztaktiktraining\\\/wp-content\\\/uploads\\\/sites\\\/9\\\/2013\\\/03\\\/screenshot_2012-08-25_15-07-14.png&quot;,&quot;id&quot;:&quot;200&quot;,&quot;title&quot;:&quot;screenshot_2012-08-25_15-07-14&quot;,&quot;alt&quot;:&quot;&quot;,&quot;caption&quot;:&quot;&quot;,&quot;itemprop&quot;:&quot;image&quot;},{&quot;src&quot;:&quot;https:\\\/\\\/blogneu.roteskreuz.at\\\/einsatztaktiktraining\\\/wp-content\\\/uploads\\\/sites\\\/9\\\/2013\\\/03\\\/screenshot_2012-08-25_15-24-52.png&quot;,&quot;id&quot;:&quot;201&quot;,&quot;title&quot;:&quot;screenshot_2012-08-25_15-24-52&quot;,&quot;alt&quot;:&quot;&quot;,&quot;caption&quot;:&quot;&quot;,&quot;itemprop&quot;:&quot;image&quot;},{&quot;src&quot;:&quot;https:\\\/\\\/blogneu.roteskreuz.at\\\/einsatztaktiktraining\\\/wp-content\\\/uploads\\\/sites\\\/9\\\/2013\\\/03\\\/screenshot_2012-08-25_17-01-17.png&quot;,&quot;id&quot;:&quot;202&quot;,&quot;title&quot;:&quot;screenshot_2012-08-25_17-01-17&quot;,&quot;alt&quot;:&quot;&quot;,&quot;caption&quot;:&quot;&quot;,&quot;itemprop&quot;:&quot;image&quot;},{&quot;src&quot;:&quot;https:\\\/\\\/blogneu.roteskreuz.at\\\/einsatztaktiktraining\\\/wp-content\\\/uploads\\\/sites\\\/9\\\/2013\\\/03\\\/screenshot_2012-08-25_17-01-57.png&quot;,&quot;id&quot;:&quot;203&quot;,&quot;title&quot;:&quot;screenshot_2012-08-25_17-01-57&quot;,&quot;alt&quot;:&quot;&quot;,&quot;caption&quot;:&quot;&quot;,&quot;itemprop&quot;:&quot;image&quot;},{&quot;src&quot;:&quot;https:\\\/\\\/blogneu.roteskreuz.at\\\/einsatztaktiktraining\\\/wp-content\\\/uploads\\\/sites\\\/9\\\/2013\\\/03\\\/screenshot_2012-08-25_17-03-37.png&quot;,&quot;id&quot;:&quot;204&quot;,&quot;title&quot;:&quot;screenshot_2012-08-25_17-03-37&quot;,&quot;alt&quot;:&quot;&quot;,&quot;caption&quot;:&quot;&quot;,&quot;itemprop&quot;:&quot;image&quot;},{&quot;src&quot;:&quot;https:\\\/\\\/blogneu.roteskreuz.at\\\/einsatztaktiktraining\\\/wp-content\\\/uploads\\\/sites\\\/9\\\/2013\\\/03\\\/screenshot_2012-08-25_17-31-50.png&quot;,&quot;id&quot;:&quot;205&quot;,&quot;title&quot;:&quot;screenshot_2012-08-25_17-31-50&quot;,&quot;alt&quot;:&quot;&quot;,&quot;caption&quot;:&quot;&quot;,&quot;itemprop&quot;:&quot;image&quot;},{&quot;src&quot;:&quot;https:\\\/\\\/blogneu.roteskreuz.at\\\/einsatztaktiktraining\\\/wp-content\\\/uploads\\\/sites\\\/9\\\/2013\\\/03\\\/screenshot_2012-08-25_18-04-05.png&quot;,&quot;id&quot;:&quot;206&quot;,&quot;title&quot;:&quot;screenshot_2012-08-25_18-04-05&quot;,&quot;alt&quot;:&quot;&quot;,&quot;caption&quot;:&quot;&quot;,&quot;itemprop&quot;:&quot;image&quot;},{&quot;src&quot;:&quot;https:\\\/\\\/blogneu.roteskreuz.at\\\/einsatztaktiktraining\\\/wp-content\\\/uploads\\\/sites\\\/9\\\/2013\\\/03\\\/screenshot_2012-08-25_18-09-10.png&quot;,&quot;id&quot;:&quot;207&quot;,&quot;title&quot;:&quot;screenshot_2012-08-25_18-09-10&quot;,&quot;alt&quot;:&quot;&quot;,&quot;caption&quot;:&quot;&quot;,&quot;itemprop&quot;:&quot;image&quot;},{&quot;src&quot;:&quot;https:\\\/\\\/blogneu.roteskreuz.at\\\/einsatztaktiktraining\\\/wp-content\\\/uploads\\\/sites\\\/9\\\/2013\\\/03\\\/screenshot_2012-08-25_18-23-00.png&quot;,&quot;id&quot;:&quot;208&quot;,&quot;title&quot;:&quot;screenshot_2012-08-25_18-23-00&quot;,&quot;alt&quot;:&quot;&quot;,&quot;caption&quot;:&quot;&quot;,&quot;itemprop&quot;:&quot;image&quot;},{&quot;src&quot;:&quot;https:\\\/\\\/blogneu.roteskreuz.at\\\/einsatztaktiktraining\\\/wp-content\\\/uploads\\\/sites\\\/9\\\/2013\\\/03\\\/screenshot_2012-08-25_18-42-46.png&quot;,&quot;id&quot;:&quot;209&quot;,&quot;title&quot;:&quot;screenshot_2012-08-25_18-42-46&quot;,&quot;alt&quot;:&quot;&quot;,&quot;caption&quot;:&quot;&quot;,&quot;itemprop&quot;:&quot;image&quot;}]\" itemscope itemtype=\"https:\/\/schema.org\/ImageGallery\"><\/div>\n","protected":false},"excerpt":{"rendered":"<p>Unsere Trainingssoftware ist rein f\u00fcr Einsatztaktik Schulungen konzipiert. Das bedeutet, dass Einsatzleiter in einem taktischen Raum (Autobahn, Tunnel, Siedlung, Landstrasse, Flughafen, etc. &#8211; Siehe Bildergalerie) unmittelbare Ma\u00dfnahmen durchf\u00fchren m\u00fcssen. Damit<\/p>\n","protected":false},"author":42,"featured_media":0,"parent":0,"menu_order":0,"comment_status":"closed","ping_status":"closed","template":"","meta":{"_monsterinsights_skip_tracking":false,"_monsterinsights_sitenote_active":false,"_monsterinsights_sitenote_note":"","_monsterinsights_sitenote_category":0,"jetpack_post_was_ever_published":false,"footnotes":""},"class_list":["post-184","page","type-page","status-publish","hentry"],"jetpack_sharing_enabled":true,"jetpack_shortlink":"https:\/\/wp.me\/PajwO2-2Y","_links":{"self":[{"href":"https:\/\/blogneu.roteskreuz.at\/einsatztaktiktraining\/wp-json\/wp\/v2\/pages\/184","targetHints":{"allow":["GET"]}}],"collection":[{"href":"https:\/\/blogneu.roteskreuz.at\/einsatztaktiktraining\/wp-json\/wp\/v2\/pages"}],"about":[{"href":"https:\/\/blogneu.roteskreuz.at\/einsatztaktiktraining\/wp-json\/wp\/v2\/types\/page"}],"author":[{"embeddable":true,"href":"https:\/\/blogneu.roteskreuz.at\/einsatztaktiktraining\/wp-json\/wp\/v2\/users\/42"}],"replies":[{"embeddable":true,"href":"https:\/\/blogneu.roteskreuz.at\/einsatztaktiktraining\/wp-json\/wp\/v2\/comments?post=184"}],"version-history":[{"count":2,"href":"https:\/\/blogneu.roteskreuz.at\/einsatztaktiktraining\/wp-json\/wp\/v2\/pages\/184\/revisions"}],"predecessor-version":[{"id":410,"href":"https:\/\/blogneu.roteskreuz.at\/einsatztaktiktraining\/wp-json\/wp\/v2\/pages\/184\/revisions\/410"}],"wp:attachment":[{"href":"https:\/\/blogneu.roteskreuz.at\/einsatztaktiktraining\/wp-json\/wp\/v2\/media?parent=184"}],"curies":[{"name":"wp","href":"https:\/\/api.w.org\/{rel}","templated":true}]}}