{"id":283,"date":"2014-05-25T12:20:25","date_gmt":"2014-05-25T10:20:25","guid":{"rendered":"http:\/\/xvrtrainingscenter.wordpress.com\/?page_id=283"},"modified":"2020-02-15T10:59:52","modified_gmt":"2020-02-15T09:59:52","slug":"willkommen","status":"publish","type":"page","link":"https:\/\/blogneu.roteskreuz.at\/einsatztaktiktraining\/willkommen\/","title":{"rendered":"RK Einsatztaktik &#8211; Trainingscenter"},"content":{"rendered":"<p>Herzlich Willkommen im Blog des XVR Center of Excellence des Steirischen Roten Kreuzes!<\/p>\n<p>XVR steht f\u00fcr &#8222;exercise virtual reality&#8220; und ist eine Virtual Reality Einsatztaktik Trainingssoftware f\u00fcr die Ausbildung, das Training und die Testung von Einsatzkr\u00e4ften in taktischen Lagen.<\/p>\n<figure id=\"attachment_223\" aria-describedby=\"caption-attachment-223\" style=\"width: 300px\" class=\"wp-caption alignleft\"><a href=\"https:\/\/blogneu.roteskreuz.at\/einsatztaktiktraining\/wp-content\/uploads\/sites\/9\/2013\/10\/img_1556graf.jpg\"><img loading=\"lazy\" decoding=\"async\" class=\"size-medium wp-image-223\" src=\"https:\/\/blogneu.roteskreuz.at\/einsatztaktiktraining\/wp-content\/uploads\/sites\/9\/2013\/10\/img_1556graf.jpg?w=300\" alt=\"XVR Trainingscenter Foto: (c) Graf\" width=\"300\" height=\"200\" srcset=\"https:\/\/blogneu.roteskreuz.at\/einsatztaktiktraining\/wp-content\/uploads\/sites\/9\/2013\/10\/img_1556graf.jpg 1600w, https:\/\/blogneu.roteskreuz.at\/einsatztaktiktraining\/wp-content\/uploads\/sites\/9\/2013\/10\/img_1556graf-300x200.jpg 300w, https:\/\/blogneu.roteskreuz.at\/einsatztaktiktraining\/wp-content\/uploads\/sites\/9\/2013\/10\/img_1556graf-768x512.jpg 768w, https:\/\/blogneu.roteskreuz.at\/einsatztaktiktraining\/wp-content\/uploads\/sites\/9\/2013\/10\/img_1556graf-1024x683.jpg 1024w\" sizes=\"auto, (max-width: 300px) 100vw, 300px\" \/><\/a><figcaption id=\"caption-attachment-223\" class=\"wp-caption-text\">XVR Trainingscenter | Foto: (c) Joham\/LPD Stmk &#8211; EinsatzDOKU<\/figcaption><\/figure>\n<p>Auf diesem Blog\u00a0k\u00f6nnen Sie sich \u00fcber unsere umfangreichen Trainingsangebote f\u00fcr MitarbeiterInnen des Roten Kreuzes informieren.<\/p>\n<p>Sollten Sie Interesse an unseren Einsatztaktik Workshops haben bzw. mehr \u00fcber die M\u00f6glichkeiten von XVR wissen wollen stehen wir Ihnen gerne f\u00fcr R\u00fcckfragen zur Verf\u00fcgung <a href=\"http:\/\/xvrtrainingscenter.wordpress.com\/kontakt\/\">(&gt;&gt;Kontakt<\/a>).<\/p>\n<p>Eine Demovideo der Herstellerfirma XVRSIM \u00fcber den Funktionsumfang\u00a0k\u00f6nnen Sie hier ansehen: <a href=\"http:\/\/xvrtrainingscenter.wordpress.com\/videos\/\">Videos<\/a><\/p>\n<p>(Mehr Informationen zur XVR Virtual Reality Trainingssoftware finden Sie auch hier: <a href=\"http:\/\/www.xvrsim.com\" target=\"_blank\" rel=\"noopener\">http:\/\/www.xvrsim.com<\/a>)<\/p>\n<p>Auf Initiative von Rotkreuz-Landesrettungskommandant Dr. Peter Hansak wurde die virtuelle Einsatz\u00fcbungssoftware XVR im steirischen Roten Kreuz im Jahr 2008 eingef\u00fchrt. Damit sind wir Pioniere auf dem Sektor der &#8222;virtuellen Plan\u00fcbungen&#8220; und Einsatztaktik-Trainings im \u00f6sterreichischen Rettungsdienst.<\/p>\n<p>Seit 2008 bieten wir nun\u00a0interne Schulungen an und seit 2012 binden wir auch\u00a0andere BOS mit ein.<\/p>\n<p>Das XVRSIM Center of Excellence im Bildungs- und Einsatzzentrum des steirischen Roten Kreuzes in Laubegg bietet eine perfekte Infrastruktur f\u00fcr Einsatztaktik-Trainings und virtuelle Planspiele:<\/p>\n<ul>\n<li>Gut erreichbar \u00fcber die A9 (Exit 214)<\/li>\n<li>Gratis Parkpl\u00e4tze<\/li>\n<li>Moderne Unterk\u00fcnfte f\u00fcr l\u00e4ngere Schulungen im Haus<\/li>\n<li>Gastronomie im Schloss Laubegg<\/li>\n<li>Moderene IT Infrastruktur<\/li>\n<li>100m\u00b2 Trainingsraum der modular erweitert werden kann<\/li>\n<li>8 XVR Trainingspl\u00e4tze<\/li>\n<\/ul>\n<p>Ort:<br \/>\nLaubegg 1<br \/>\n8413 Ragnitz<br \/>\nGoogle: <a href=\"http:\/\/goo.gl\/maps\/QHLPK\" target=\"_blank\" rel=\"noopener\">http:\/\/goo.gl\/maps\/QHLPK<\/a><\/p>\n<p>Hier sehen Sie den \u00fcblichen Trainingsaufbau.<br \/>\n<strong>Wir sind auch mobil! Gerne kommen wir mit unserer Ausr\u00fcstung zu Ihnen.<\/strong><\/p>\n\n","protected":false},"excerpt":{"rendered":"<p>Herzlich Willkommen im Blog des XVR Center of Excellence des Steirischen Roten Kreuzes! XVR steht f\u00fcr &#8222;exercise virtual reality&#8220; und ist eine Virtual Reality Einsatztaktik Trainingssoftware f\u00fcr die Ausbildung, das<\/p>\n","protected":false},"author":42,"featured_media":0,"parent":0,"menu_order":0,"comment_status":"closed","ping_status":"closed","template":"","meta":{"_monsterinsights_skip_tracking":false,"_monsterinsights_sitenote_active":false,"_monsterinsights_sitenote_note":"","_monsterinsights_sitenote_category":0,"jetpack_post_was_ever_published":false,"footnotes":""},"class_list":["post-283","page","type-page","status-publish","hentry"],"jetpack_sharing_enabled":true,"jetpack_shortlink":"https:\/\/wp.me\/PajwO2-4z","_links":{"self":[{"href":"https:\/\/blogneu.roteskreuz.at\/einsatztaktiktraining\/wp-json\/wp\/v2\/pages\/283","targetHints":{"allow":["GET"]}}],"collection":[{"href":"https:\/\/blogneu.roteskreuz.at\/einsatztaktiktraining\/wp-json\/wp\/v2\/pages"}],"about":[{"href":"https:\/\/blogneu.roteskreuz.at\/einsatztaktiktraining\/wp-json\/wp\/v2\/types\/page"}],"author":[{"embeddable":true,"href":"https:\/\/blogneu.roteskreuz.at\/einsatztaktiktraining\/wp-json\/wp\/v2\/users\/42"}],"replies":[{"embeddable":true,"href":"https:\/\/blogneu.roteskreuz.at\/einsatztaktiktraining\/wp-json\/wp\/v2\/comments?post=283"}],"version-history":[{"count":3,"href":"https:\/\/blogneu.roteskreuz.at\/einsatztaktiktraining\/wp-json\/wp\/v2\/pages\/283\/revisions"}],"predecessor-version":[{"id":542,"href":"https:\/\/blogneu.roteskreuz.at\/einsatztaktiktraining\/wp-json\/wp\/v2\/pages\/283\/revisions\/542"}],"wp:attachment":[{"href":"https:\/\/blogneu.roteskreuz.at\/einsatztaktiktraining\/wp-json\/wp\/v2\/media?parent=283"}],"curies":[{"name":"wp","href":"https:\/\/api.w.org\/{rel}","templated":true}]}}