{"id":65,"date":"2012-08-19T11:39:57","date_gmt":"2012-08-19T09:39:57","guid":{"rendered":"http:\/\/xvrtrainingscenter.wordpress.com\/?page_id=65"},"modified":"2012-08-19T11:39:57","modified_gmt":"2012-08-19T09:39:57","slug":"bos-ubergreifende-virtuelle-einsatzubungen","status":"publish","type":"page","link":"https:\/\/blogneu.roteskreuz.at\/einsatztaktiktraining\/bos-ubergreifende-virtuelle-einsatzubungen\/","title":{"rendered":"Einsatzorganisations\u00fcbergreifendes Training"},"content":{"rendered":"<p>Im Einsatz\u00a0m\u00fcssen Einsatzorganisationen (BOS) im Sinne einer &#8222;Gemeinsamen Einsatzleitung&#8220; zusammenarbeiten um taktische Lagen l\u00f6sen zu k\u00f6nnen (Bsp. Verkehrsunfall auf Autobahn: Zusammenwirken von Polizei, Feuerwehren und Rettungsdiensten).<\/p>\n<p>Wir bieten daher <strong>einsatzorganisations\u00fcbergreifende virtuelle Einsatztaktik-Trainings<\/strong> an (siehe Foto unten bzw. <a href=\"https:\/\/xvrtrainingscenter.wordpress.com\/2018\/02\/21\/gemeinsame-einsatzleitung-xvr-training-mit-ff-dl\/\">Nachlese zu unserem Training mit der FF Deutschlandsberg<\/a>), damit die Abstimmung zwischen den BOS\u00a0beim gemeinsamen taktischen Vorgehen virtuell be\u00fcbt werden kann.<\/p>\n<p>Ziel ist das verbesserte Zusammenwirken im\u00a0Realeinsatz und das Verst\u00e4ndnis \u00fcber das jeweilige BOS spezifische Einsatztaktik vorgehen.<\/p>\n<p>Bei Interesse stehen wir Ihnen f\u00fcr R\u00fcckfragen gerne zur Verf\u00fcgung. Wir sind\u00a0mit unserer Ausr\u00fcstung mobil, gerne kommen wir zu Ihnen. <a href=\"http:\/\/xvrtrainingscenter.wordpress.com\/kontakt\">&gt;&gt;Kontakt<\/a><\/p>\n<figure id=\"attachment_52\" aria-describedby=\"caption-attachment-52\" style=\"width: 300px\" class=\"wp-caption alignnone\"><a href=\"https:\/\/blogneu.roteskreuz.at\/einsatztaktiktraining\/wp-content\/uploads\/sites\/9\/2012\/08\/img_6744.jpg\"><img loading=\"lazy\" decoding=\"async\" class=\"size-medium wp-image-52 \" title=\"IMG_6744\" src=\"https:\/\/blogneu.roteskreuz.at\/einsatztaktiktraining\/wp-content\/uploads\/sites\/9\/2012\/08\/img_6744.jpg?w=300\" alt=\"XVR Workshop mit Bundesheer, Polizei und UNDAC Kat Experte\" width=\"300\" height=\"200\" srcset=\"https:\/\/blogneu.roteskreuz.at\/einsatztaktiktraining\/wp-content\/uploads\/sites\/9\/2012\/08\/img_6744.jpg 3504w, https:\/\/blogneu.roteskreuz.at\/einsatztaktiktraining\/wp-content\/uploads\/sites\/9\/2012\/08\/img_6744-300x200.jpg 300w, https:\/\/blogneu.roteskreuz.at\/einsatztaktiktraining\/wp-content\/uploads\/sites\/9\/2012\/08\/img_6744-768x512.jpg 768w, https:\/\/blogneu.roteskreuz.at\/einsatztaktiktraining\/wp-content\/uploads\/sites\/9\/2012\/08\/img_6744-1024x683.jpg 1024w\" sizes=\"auto, (max-width: 300px) 100vw, 300px\" \/><\/a><figcaption id=\"caption-attachment-52\" class=\"wp-caption-text\">XVR Workshop mit Bundesheer, Polizei und UNDAC Kat Experte<\/figcaption><\/figure>\n","protected":false},"excerpt":{"rendered":"<p>Im Einsatz\u00a0m\u00fcssen Einsatzorganisationen (BOS) im Sinne einer &#8222;Gemeinsamen Einsatzleitung&#8220; zusammenarbeiten um taktische Lagen l\u00f6sen zu k\u00f6nnen (Bsp. Verkehrsunfall auf Autobahn: Zusammenwirken von Polizei, Feuerwehren und Rettungsdiensten). Wir bieten daher einsatzorganisations\u00fcbergreifende<\/p>\n","protected":false},"author":42,"featured_media":0,"parent":0,"menu_order":0,"comment_status":"closed","ping_status":"closed","template":"","meta":{"_monsterinsights_skip_tracking":false,"_monsterinsights_sitenote_active":false,"_monsterinsights_sitenote_note":"","_monsterinsights_sitenote_category":0,"jetpack_post_was_ever_published":false,"footnotes":""},"class_list":["post-65","page","type-page","status-publish","hentry"],"jetpack_sharing_enabled":true,"jetpack_shortlink":"https:\/\/wp.me\/PajwO2-13","_links":{"self":[{"href":"https:\/\/blogneu.roteskreuz.at\/einsatztaktiktraining\/wp-json\/wp\/v2\/pages\/65","targetHints":{"allow":["GET"]}}],"collection":[{"href":"https:\/\/blogneu.roteskreuz.at\/einsatztaktiktraining\/wp-json\/wp\/v2\/pages"}],"about":[{"href":"https:\/\/blogneu.roteskreuz.at\/einsatztaktiktraining\/wp-json\/wp\/v2\/types\/page"}],"author":[{"embeddable":true,"href":"https:\/\/blogneu.roteskreuz.at\/einsatztaktiktraining\/wp-json\/wp\/v2\/users\/42"}],"replies":[{"embeddable":true,"href":"https:\/\/blogneu.roteskreuz.at\/einsatztaktiktraining\/wp-json\/wp\/v2\/comments?post=65"}],"version-history":[{"count":0,"href":"https:\/\/blogneu.roteskreuz.at\/einsatztaktiktraining\/wp-json\/wp\/v2\/pages\/65\/revisions"}],"wp:attachment":[{"href":"https:\/\/blogneu.roteskreuz.at\/einsatztaktiktraining\/wp-json\/wp\/v2\/media?parent=65"}],"curies":[{"name":"wp","href":"https:\/\/api.w.org\/{rel}","templated":true}]}}