{"id":7,"date":"2012-08-15T13:49:49","date_gmt":"2012-08-15T11:49:49","guid":{"rendered":"http:\/\/xvrtrainingscenter.wordpress.com\/?page_id=7"},"modified":"2012-08-15T13:49:49","modified_gmt":"2012-08-15T11:49:49","slug":"workshopangebote","status":"publish","type":"page","link":"https:\/\/blogneu.roteskreuz.at\/einsatztaktiktraining\/workshopangebote\/","title":{"rendered":"Workshopangebote"},"content":{"rendered":"<p>Wir bieten Angeh\u00f6rigen von BOS die M\u00f6glichkeit, taktische Einsatzlagen in einem virtuellen Raum zu trainieren und zu \u00fcberpr\u00fcfen. Es gibt keine Einschr\u00e4nkung auf eine Einsatzorganisation, da das System alle Organisationen trainieren kann (Beh\u00f6rde, Armee, Rettungsdienst, Feuerwehr, Polizei, Sicherheitsdienst).<\/p>\n<p>Folgende Services bieten wir im Rahmen von Workshops an:<\/p>\n<ul>\n<li>Training von Einsatzleitern im taktischen Raum<\/li>\n<li>Erstellung von methodischen und didaktischen Ans\u00e4tzen f\u00fcr die Pr\u00fcfung von Einsatzkr\u00e4ften<\/li>\n<li><a href=\"http:\/\/xvrtrainingscenter.wordpress.com\/sichtungsubungen-fur-rettungssanitater-notfallsanitater-und-notarzte\/\">Sichtungs\u00fcbungen f\u00fcr Rettungssanit\u00e4ter, Notfallsanit\u00e4ter und Not\u00e4rzte<\/a><\/li>\n<li>Vorplanung von Real\u00fcbungen<\/li>\n<li><a href=\"http:\/\/xvrtrainingscenter.wordpress.com\/digitalisieren-von-objekten-und-beuben-von-taktischen-lagen\/\">Digitalisieren von Objekten und Be\u00fcben von taktischen Lagen<\/a><\/li>\n<li><a href=\"http:\/\/xvrtrainingscenter.wordpress.com\/bos-ubergreifende-virtuelle-einsatzubungen\/\">BOS \u00fcbergreifende virtuelle Einsatz\u00fcbungen<\/a><\/li>\n<\/ul>\n<p>Wir sind mit dem Trainingsequipment mobil: Gerne kommen wir zu Ihnen um vor Ort Trainings durchzuf\u00fchren!<\/p>\n<p>Bei Interesse stehen wir Ihnen f\u00fcr R\u00fcckfragen gerne zur Verf\u00fcgung <a href=\"http:\/\/xvrtrainingscenter.wordpress.com\/kontakt\">&gt;&gt;Kontakt<\/a><\/p>\n","protected":false},"excerpt":{"rendered":"<p>Wir bieten Angeh\u00f6rigen von BOS die M\u00f6glichkeit, taktische Einsatzlagen in einem virtuellen Raum zu trainieren und zu \u00fcberpr\u00fcfen. Es gibt keine Einschr\u00e4nkung auf eine Einsatzorganisation, da das System alle Organisationen<\/p>\n","protected":false},"author":42,"featured_media":0,"parent":0,"menu_order":0,"comment_status":"closed","ping_status":"closed","template":"","meta":{"_monsterinsights_skip_tracking":false,"_monsterinsights_sitenote_active":false,"_monsterinsights_sitenote_note":"","_monsterinsights_sitenote_category":0,"jetpack_post_was_ever_published":false,"footnotes":""},"class_list":["post-7","page","type-page","status-publish","hentry"],"jetpack_sharing_enabled":true,"jetpack_shortlink":"https:\/\/wp.me\/PajwO2-7","_links":{"self":[{"href":"https:\/\/blogneu.roteskreuz.at\/einsatztaktiktraining\/wp-json\/wp\/v2\/pages\/7","targetHints":{"allow":["GET"]}}],"collection":[{"href":"https:\/\/blogneu.roteskreuz.at\/einsatztaktiktraining\/wp-json\/wp\/v2\/pages"}],"about":[{"href":"https:\/\/blogneu.roteskreuz.at\/einsatztaktiktraining\/wp-json\/wp\/v2\/types\/page"}],"author":[{"embeddable":true,"href":"https:\/\/blogneu.roteskreuz.at\/einsatztaktiktraining\/wp-json\/wp\/v2\/users\/42"}],"replies":[{"embeddable":true,"href":"https:\/\/blogneu.roteskreuz.at\/einsatztaktiktraining\/wp-json\/wp\/v2\/comments?post=7"}],"version-history":[{"count":0,"href":"https:\/\/blogneu.roteskreuz.at\/einsatztaktiktraining\/wp-json\/wp\/v2\/pages\/7\/revisions"}],"wp:attachment":[{"href":"https:\/\/blogneu.roteskreuz.at\/einsatztaktiktraining\/wp-json\/wp\/v2\/media?parent=7"}],"curies":[{"name":"wp","href":"https:\/\/api.w.org\/{rel}","templated":true}]}}