{"id":75,"date":"2012-08-19T12:05:14","date_gmt":"2012-08-19T10:05:14","guid":{"rendered":"http:\/\/xvrtrainingscenter.wordpress.com\/?page_id=75"},"modified":"2012-08-19T12:05:14","modified_gmt":"2012-08-19T10:05:14","slug":"sichtungsubungen-fur-rettungssanitater-notfallsanitater-und-notarzte","status":"publish","type":"page","link":"https:\/\/blogneu.roteskreuz.at\/einsatztaktiktraining\/sichtungsubungen-fur-rettungssanitater-notfallsanitater-und-notarzte\/","title":{"rendered":"Sichtungs\u00fcbungen f\u00fcr Rettungssanit\u00e4ter, Notfallsanit\u00e4ter und Not\u00e4rzte"},"content":{"rendered":"<p>Wir bieten ein <strong>virtuelles Sichtungstraining\u00a0<\/strong>(Triage) f\u00fcr Rettungssanit\u00e4ter, Notfallsanit\u00e4ter und Not\u00e4rzte an.\u00a0Im XVR k\u00f6nnen PatientInnen\u00a0mit unterschiedlichen Verletzungs- und Erkrankungsmuster erstellt werden.<\/p>\n<p>Be\u00fcbt werden kann dann das Beurteilen und das Einteilen in\u00a0Sichtungsgruppe nach den Informationen die \u00fcber den virtuellen Patienten gespeichert sind.<\/p>\n<p>Diese Dienstleistung bieten wir u.a. f\u00fcr die\u00a0MedUni Graz im\u00a0f\u00fcr Studierende an.<\/p>\n<figure id=\"attachment_77\" aria-describedby=\"caption-attachment-77\" style=\"width: 300px\" class=\"wp-caption alignnone\"><a href=\"https:\/\/blogneu.roteskreuz.at\/einsatztaktiktraining\/wp-content\/uploads\/sites\/9\/2012\/08\/img_3036.jpg\"><img loading=\"lazy\" decoding=\"async\" class=\"size-medium wp-image-77\" title=\"IMG_3036\" alt=\"XVR Schulung mit MedUNI Graz - Sichtungs\u00fcbung\" src=\"https:\/\/blogneu.roteskreuz.at\/einsatztaktiktraining\/wp-content\/uploads\/sites\/9\/2012\/08\/img_3036.jpg?w=300\" width=\"300\" height=\"224\" srcset=\"https:\/\/blogneu.roteskreuz.at\/einsatztaktiktraining\/wp-content\/uploads\/sites\/9\/2012\/08\/img_3036.jpg 2592w, https:\/\/blogneu.roteskreuz.at\/einsatztaktiktraining\/wp-content\/uploads\/sites\/9\/2012\/08\/img_3036-300x224.jpg 300w, https:\/\/blogneu.roteskreuz.at\/einsatztaktiktraining\/wp-content\/uploads\/sites\/9\/2012\/08\/img_3036-768x574.jpg 768w, https:\/\/blogneu.roteskreuz.at\/einsatztaktiktraining\/wp-content\/uploads\/sites\/9\/2012\/08\/img_3036-1024x765.jpg 1024w\" sizes=\"auto, (max-width: 300px) 100vw, 300px\" \/><\/a><figcaption id=\"caption-attachment-77\" class=\"wp-caption-text\">XVR Schulung mit MedUNI Graz &#8211; Sichtungs\u00fcbung<\/figcaption><\/figure>\n","protected":false},"excerpt":{"rendered":"<p>Wir bieten ein virtuelles Sichtungstraining\u00a0(Triage) f\u00fcr Rettungssanit\u00e4ter, Notfallsanit\u00e4ter und Not\u00e4rzte an.\u00a0Im XVR k\u00f6nnen PatientInnen\u00a0mit unterschiedlichen Verletzungs- und Erkrankungsmuster erstellt werden. Be\u00fcbt werden kann dann das Beurteilen und das Einteilen in\u00a0Sichtungsgruppe<\/p>\n","protected":false},"author":42,"featured_media":0,"parent":0,"menu_order":0,"comment_status":"closed","ping_status":"closed","template":"","meta":{"_monsterinsights_skip_tracking":false,"_monsterinsights_sitenote_active":false,"_monsterinsights_sitenote_note":"","_monsterinsights_sitenote_category":0,"jetpack_post_was_ever_published":false,"footnotes":""},"class_list":["post-75","page","type-page","status-publish","hentry"],"jetpack_sharing_enabled":true,"jetpack_shortlink":"https:\/\/wp.me\/PajwO2-1d","_links":{"self":[{"href":"https:\/\/blogneu.roteskreuz.at\/einsatztaktiktraining\/wp-json\/wp\/v2\/pages\/75","targetHints":{"allow":["GET"]}}],"collection":[{"href":"https:\/\/blogneu.roteskreuz.at\/einsatztaktiktraining\/wp-json\/wp\/v2\/pages"}],"about":[{"href":"https:\/\/blogneu.roteskreuz.at\/einsatztaktiktraining\/wp-json\/wp\/v2\/types\/page"}],"author":[{"embeddable":true,"href":"https:\/\/blogneu.roteskreuz.at\/einsatztaktiktraining\/wp-json\/wp\/v2\/users\/42"}],"replies":[{"embeddable":true,"href":"https:\/\/blogneu.roteskreuz.at\/einsatztaktiktraining\/wp-json\/wp\/v2\/comments?post=75"}],"version-history":[{"count":0,"href":"https:\/\/blogneu.roteskreuz.at\/einsatztaktiktraining\/wp-json\/wp\/v2\/pages\/75\/revisions"}],"wp:attachment":[{"href":"https:\/\/blogneu.roteskreuz.at\/einsatztaktiktraining\/wp-json\/wp\/v2\/media?parent=75"}],"curies":[{"name":"wp","href":"https:\/\/api.w.org\/{rel}","templated":true}]}}