{"id":94,"date":"2012-08-19T15:39:26","date_gmt":"2012-08-19T13:39:26","guid":{"rendered":"http:\/\/xvrtrainingscenter.wordpress.com\/?page_id=94"},"modified":"2012-08-19T15:39:26","modified_gmt":"2012-08-19T13:39:26","slug":"digitalisieren-von-objekten-und-beuben-von-taktischen-lagen","status":"publish","type":"page","link":"https:\/\/blogneu.roteskreuz.at\/einsatztaktiktraining\/digitalisieren-von-objekten-und-beuben-von-taktischen-lagen\/","title":{"rendered":"Digitalisieren von Objekten f\u00fcr taktischen Lagen"},"content":{"rendered":"<p>Wir bieten die Beratung\u00a0beim <strong>Digitalisieren von Objekten\u00a0f\u00fcr taktische Lagen<\/strong> f\u00fcr unsere Kooperationspartner.<\/p>\n<p>Unsere bereits bestehende umfangreiche digitale Objektbibliothek (Beh\u00f6rden, Rettungskr\u00e4fte, Polizei, Feuerwehr sowie deren Einsatzfahrzeuge und div. Einsatzmittel) kann jederzeit um weitere Objekte erweitert werden.<\/p>\n<p>Somit ist eine realistische Einsatzsimulation f\u00fcr Ihre Einsatzorganisation gew\u00e4hrleistet.<\/p>\n<p>Anbei sehen Sie Beispiele f\u00fcr bereits digitalisierte Objekte. Es kommen laufend neue Objekte hinzu:<\/p>\n<div id='gallery-1' class='gallery galleryid-94 gallery-columns-3 gallery-size-thumbnail'><figure class='gallery-item'>\n\t\t\t<div class='gallery-icon landscape'>\n\t\t\t\t<a href='https:\/\/blogneu.roteskreuz.at\/einsatztaktiktraining\/digitalisieren-von-objekten-und-beuben-von-taktischen-lagen\/tunnel_preview2\/'><img loading=\"lazy\" decoding=\"async\" width=\"150\" height=\"150\" src=\"https:\/\/blogneu.roteskreuz.at\/einsatztaktiktraining\/wp-content\/uploads\/sites\/9\/2012\/08\/tunnel_preview2-150x150.jpg\" class=\"attachment-thumbnail size-thumbnail\" alt=\"\" srcset=\"https:\/\/blogneu.roteskreuz.at\/einsatztaktiktraining\/wp-content\/uploads\/sites\/9\/2012\/08\/tunnel_preview2-150x150.jpg 150w, https:\/\/blogneu.roteskreuz.at\/einsatztaktiktraining\/wp-content\/uploads\/sites\/9\/2012\/08\/tunnel_preview2-100x100.jpg 100w\" sizes=\"auto, (max-width: 150px) 100vw, 150px\" \/><\/a>\n\t\t\t<\/div><\/figure><figure class='gallery-item'>\n\t\t\t<div class='gallery-icon landscape'>\n\t\t\t\t<a href='https:\/\/blogneu.roteskreuz.at\/einsatztaktiktraining\/digitalisieren-von-objekten-und-beuben-von-taktischen-lagen\/naw\/'><img loading=\"lazy\" decoding=\"async\" width=\"150\" height=\"150\" src=\"https:\/\/blogneu.roteskreuz.at\/einsatztaktiktraining\/wp-content\/uploads\/sites\/9\/2012\/08\/naw-150x150.jpg\" class=\"attachment-thumbnail size-thumbnail\" alt=\"\" srcset=\"https:\/\/blogneu.roteskreuz.at\/einsatztaktiktraining\/wp-content\/uploads\/sites\/9\/2012\/08\/naw-150x150.jpg 150w, https:\/\/blogneu.roteskreuz.at\/einsatztaktiktraining\/wp-content\/uploads\/sites\/9\/2012\/08\/naw-100x100.jpg 100w\" sizes=\"auto, (max-width: 150px) 100vw, 150px\" \/><\/a>\n\t\t\t<\/div><\/figure><figure class='gallery-item'>\n\t\t\t<div class='gallery-icon landscape'>\n\t\t\t\t<a href='https:\/\/blogneu.roteskreuz.at\/einsatztaktiktraining\/digitalisieren-von-objekten-und-beuben-von-taktischen-lagen\/touran-pol\/'><img loading=\"lazy\" decoding=\"async\" width=\"150\" height=\"150\" src=\"https:\/\/blogneu.roteskreuz.at\/einsatztaktiktraining\/wp-content\/uploads\/sites\/9\/2012\/08\/touran-pol-150x150.jpg\" class=\"attachment-thumbnail size-thumbnail\" alt=\"\" srcset=\"https:\/\/blogneu.roteskreuz.at\/einsatztaktiktraining\/wp-content\/uploads\/sites\/9\/2012\/08\/touran-pol-150x150.jpg 150w, https:\/\/blogneu.roteskreuz.at\/einsatztaktiktraining\/wp-content\/uploads\/sites\/9\/2012\/08\/touran-pol-100x100.jpg 100w\" sizes=\"auto, (max-width: 150px) 100vw, 150px\" \/><\/a>\n\t\t\t<\/div><\/figure><figure class='gallery-item'>\n\t\t\t<div class='gallery-icon landscape'>\n\t\t\t\t<a href='https:\/\/blogneu.roteskreuz.at\/einsatztaktiktraining\/digitalisieren-von-objekten-und-beuben-von-taktischen-lagen\/tunnel_inside_preview\/'><img loading=\"lazy\" decoding=\"async\" width=\"150\" height=\"150\" src=\"https:\/\/blogneu.roteskreuz.at\/einsatztaktiktraining\/wp-content\/uploads\/sites\/9\/2012\/08\/tunnel_inside_preview-150x150.jpg\" class=\"attachment-thumbnail size-thumbnail\" alt=\"\" srcset=\"https:\/\/blogneu.roteskreuz.at\/einsatztaktiktraining\/wp-content\/uploads\/sites\/9\/2012\/08\/tunnel_inside_preview-150x150.jpg 150w, https:\/\/blogneu.roteskreuz.at\/einsatztaktiktraining\/wp-content\/uploads\/sites\/9\/2012\/08\/tunnel_inside_preview-100x100.jpg 100w\" sizes=\"auto, (max-width: 150px) 100vw, 150px\" \/><\/a>\n\t\t\t<\/div><\/figure>\n\t\t<\/div>\n\n","protected":false},"excerpt":{"rendered":"<p>Wir bieten die Beratung\u00a0beim Digitalisieren von Objekten\u00a0f\u00fcr taktische Lagen f\u00fcr unsere Kooperationspartner. Unsere bereits bestehende umfangreiche digitale Objektbibliothek (Beh\u00f6rden, Rettungskr\u00e4fte, Polizei, Feuerwehr sowie deren Einsatzfahrzeuge und div. Einsatzmittel) kann jederzeit<\/p>\n","protected":false},"author":42,"featured_media":0,"parent":0,"menu_order":0,"comment_status":"closed","ping_status":"closed","template":"","meta":{"_monsterinsights_skip_tracking":false,"_monsterinsights_sitenote_active":false,"_monsterinsights_sitenote_note":"","_monsterinsights_sitenote_category":0,"jetpack_post_was_ever_published":false,"footnotes":""},"class_list":["post-94","page","type-page","status-publish","hentry"],"jetpack_sharing_enabled":true,"jetpack_shortlink":"https:\/\/wp.me\/PajwO2-1w","_links":{"self":[{"href":"https:\/\/blogneu.roteskreuz.at\/einsatztaktiktraining\/wp-json\/wp\/v2\/pages\/94","targetHints":{"allow":["GET"]}}],"collection":[{"href":"https:\/\/blogneu.roteskreuz.at\/einsatztaktiktraining\/wp-json\/wp\/v2\/pages"}],"about":[{"href":"https:\/\/blogneu.roteskreuz.at\/einsatztaktiktraining\/wp-json\/wp\/v2\/types\/page"}],"author":[{"embeddable":true,"href":"https:\/\/blogneu.roteskreuz.at\/einsatztaktiktraining\/wp-json\/wp\/v2\/users\/42"}],"replies":[{"embeddable":true,"href":"https:\/\/blogneu.roteskreuz.at\/einsatztaktiktraining\/wp-json\/wp\/v2\/comments?post=94"}],"version-history":[{"count":0,"href":"https:\/\/blogneu.roteskreuz.at\/einsatztaktiktraining\/wp-json\/wp\/v2\/pages\/94\/revisions"}],"wp:attachment":[{"href":"https:\/\/blogneu.roteskreuz.at\/einsatztaktiktraining\/wp-json\/wp\/v2\/media?parent=94"}],"curies":[{"name":"wp","href":"https:\/\/api.w.org\/{rel}","templated":true}]}}