{"id":31,"date":"2013-05-08T16:54:42","date_gmt":"2013-05-08T14:54:42","guid":{"rendered":"http:\/\/blog.roteskreuz.at\/protect\/?page_id=31"},"modified":"2020-04-07T16:44:43","modified_gmt":"2020-04-07T14:44:43","slug":"hilfe-im-notfall-kurs","status":"publish","type":"page","link":"https:\/\/blogneu.roteskreuz.at\/protect\/hilfe-im-notfall-kurs\/","title":{"rendered":"Hilfe-im-Notfall-Workshop"},"content":{"rendered":"<p><span style=\"color: #8b0000\"><strong>Durch die gratis &#8222;Hilfe-im-Notfall&#8220;-Workshops, die unsere PROTECT-Freiwilligen halten, sollen wichtige Informationen \u00fcber verhalten in lebensbedrohlichen Situationen an Menschen mit Flucht- und Migrationshintergrund weitergegeben werden. <\/strong><\/span><\/p>\n<p style=\"text-align: justify\">Der\u00a0<strong><span style=\"color: #a52a2a\">ca. zweist\u00fcndige\u00a0<\/span><\/strong><span style=\"color: #b22222\"><strong>Workshop <\/strong><\/span>wird von ein oder zwei\u00a0<a href=\"http:\/\/blog.roteskreuz.at\/protect\/freiwillige-vor\/\">PROTECT-\u00a0TrainerInnen<\/a>\u00a0gehalten. Durch einfache Methoden wie Gruppen\u00fcbungen und Diskussion\u00a0wird\u00a0wichtiges Wissen \u00fcber richtiges Verhalten in Notf\u00e4llen (Brand, Gewalt, medizinische Notf\u00e4lle usw.) vermittelt. Andere wichtige Themen wie Freiwilligkeit und Zivilcourage werden auch behandelt.<\/p>\n<p style=\"text-align: justify\"><a href=\"https:\/\/blogneu.roteskreuz.at\/protect\/wp-content\/uploads\/sites\/8\/2015\/03\/MG_7787-1.jpg\"><img loading=\"lazy\" decoding=\"async\" class=\"aligncenter size-full wp-image-1196\" src=\"https:\/\/blogneu.roteskreuz.at\/protect\/wp-content\/uploads\/sites\/8\/2015\/03\/MG_7787-1.jpg\" alt=\"_MG_7787\" width=\"800\" height=\"533\" \/><\/a><\/p>\n<p>\u00a0<strong><span style=\"color: #b22222\">Der PROTECT-Workshop\u00a0vermittelt:<\/span><\/strong><\/p>\n<p>&#8211; \u00a0<span style=\"color: #993300\">Verschiedene <\/span><span style=\"color: #ab0000\">Formen von Notf\u00e4llen<\/span><strong><span style=\"color: #b22222\"><br \/>\n<\/span><\/strong><span style=\"color: #000000\">&#8211; <\/span><span style=\"color: #000000\">T<\/span><span style=\"color: #000000\">ipps zur richtigen <span style=\"color: #ab0000\">Alarmierung von Hilfe (Notrufnummern)<\/span><br \/>\n&#8211; <span style=\"color: #ab0000\">Basisma\u00dfnahmen Erste Hilfe <\/span>(Achtung:Der Workshop ist\u00a0<strong>kein Erste Hilfe-Kurs<\/strong>\u00a0sondern nur eine Anregung, sich mit dem Thema auseinanderzusetzen!)<br \/>\n&#8211; <span style=\"color: #ab0000\">Infos, wo und wie man in Wien Hilfe bekommt<\/span><\/span><br \/>\n<span style=\"color: #000000\"> &#8211; <span style=\"color: #ab0000\">Richtiges Verhalten<\/span> im Notf\u00e4llen (Brandfall, Gewalt&#8230;)<br \/>\n&#8211; &#8222;Wie kann ich helfen?&#8220; &#8211;<span style=\"color: #ab0000\">\u00a0Freiwilligkeit<\/span><\/span><\/p>\n<p><strong><span style=\"color: #9e1919\">Wie so ein Workshop ablaufen kann, kann man\u00a0regelm\u00e4\u00dfig auf diesem BLOG nachlesen!\u00a0<\/span><\/strong><\/p>\n<p><img loading=\"lazy\" decoding=\"async\" class=\"aligncenter wp-image-1416 size-full\" src=\"https:\/\/blogneu.roteskreuz.at\/protect\/wp-content\/uploads\/sites\/8\/2016\/04\/1348_download_protect_workshop_im_mapaki_familienhaus.jpg\" width=\"733\" height=\"550\" \/><\/p>\n","protected":false},"excerpt":{"rendered":"<p>Durch die gratis &#8222;Hilfe-im-Notfall&#8220;-Workshops, die unsere PROTECT-Freiwilligen halten, sollen wichtige Informationen \u00fcber verhalten in lebensbedrohlichen Situationen an Menschen mit Flucht- und Migrationshintergrund weitergegeben werden. Der\u00a0ca. zweist\u00fcndige\u00a0Workshop wird von ein oder zwei\u00a0PROTECT-\u00a0TrainerInnen\u00a0gehalten. Durch einfache Methoden wie Gruppen\u00fcbungen und Diskussion\u00a0wird\u00a0wichtiges Wissen \u00fcber richtiges Verhalten in Notf\u00e4llen (Brand, Gewalt, medizinische Notf\u00e4lle usw.) vermittelt. Andere wichtige Themen wie Freiwilligkeit &hellip; <\/p>\n<p class=\"link-more\"><a href=\"https:\/\/blogneu.roteskreuz.at\/protect\/hilfe-im-notfall-kurs\/\" class=\"more-link\"><span class=\"screen-reader-text\">\u201eHilfe-im-Notfall-Workshop\u201c<\/span> weiterlesen<\/a><\/p>\n","protected":false},"author":1,"featured_media":0,"parent":0,"menu_order":2,"comment_status":"closed","ping_status":"closed","template":"","meta":{"_monsterinsights_skip_tracking":false,"_monsterinsights_sitenote_active":false,"_monsterinsights_sitenote_note":"","_monsterinsights_sitenote_category":0,"footnotes":""},"class_list":["post-31","page","type-page","status-publish","hentry"],"_links":{"self":[{"href":"https:\/\/blogneu.roteskreuz.at\/protect\/wp-json\/wp\/v2\/pages\/31","targetHints":{"allow":["GET"]}}],"collection":[{"href":"https:\/\/blogneu.roteskreuz.at\/protect\/wp-json\/wp\/v2\/pages"}],"about":[{"href":"https:\/\/blogneu.roteskreuz.at\/protect\/wp-json\/wp\/v2\/types\/page"}],"author":[{"embeddable":true,"href":"https:\/\/blogneu.roteskreuz.at\/protect\/wp-json\/wp\/v2\/users\/1"}],"replies":[{"embeddable":true,"href":"https:\/\/blogneu.roteskreuz.at\/protect\/wp-json\/wp\/v2\/comments?post=31"}],"version-history":[{"count":1,"href":"https:\/\/blogneu.roteskreuz.at\/protect\/wp-json\/wp\/v2\/pages\/31\/revisions"}],"predecessor-version":[{"id":1987,"href":"https:\/\/blogneu.roteskreuz.at\/protect\/wp-json\/wp\/v2\/pages\/31\/revisions\/1987"}],"wp:attachment":[{"href":"https:\/\/blogneu.roteskreuz.at\/protect\/wp-json\/wp\/v2\/media?parent=31"}],"curies":[{"name":"wp","href":"https:\/\/api.w.org\/{rel}","templated":true}]}}