{"id":32,"date":"2013-05-08T16:55:25","date_gmt":"2013-05-08T14:55:25","guid":{"rendered":"http:\/\/blog.roteskreuz.at\/protect\/?page_id=32"},"modified":"2020-04-04T14:34:52","modified_gmt":"2020-04-04T12:34:52","slug":"trainerinnen-ausbildung","status":"publish","type":"page","link":"https:\/\/blogneu.roteskreuz.at\/protect\/trainerinnen-ausbildung\/","title":{"rendered":"Freiwilligenschulung"},"content":{"rendered":"<p><span style=\"color: #000000\">Die Freiwilligen werden in einer<b>\u00a0<\/b><\/span><span style=\"color: #8a0606\"><strong>internen<\/strong>,<\/span><strong><span style=\"color: #8a0606\"> zweit\u00e4gigen Schulung\u00a0<\/span><\/strong><span style=\"color: #000000\">auf ihre T\u00e4tigkeit als TrainerInnen vorbereitet &#8211; Inhalte hierbei sind Grundlagen Erster Hilfe, Brandschutz und Pr\u00e4sentations- und Vortragstechniken.<\/p>\n<p><\/span><strong style=\"color: #8a0606\">ERSTGESPR\u00c4CH<\/strong><br \/>\n<span style=\"color: #000000\">Da uns unser Projekt sehr wichtig ist, ist es uns ein Anliegen die passenden Leute daf\u00fcr zu finden. Deswegen ist es diesmal so, dass wir die Freiwilligen vor der Schulung zu einem\u00a0<span style=\"color: #993300\"><strong>Erstgespr\u00e4ch\u00a0<\/strong><span style=\"color: #000000\">einladen um sie besser kennen zu lernen und um sicher zu gehen, dass PROTECT auch das richtige f\u00fcr sie ist.<\/span><\/span><\/span><\/p>\n<figure id=\"attachment_1584\" aria-describedby=\"caption-attachment-1584\" style=\"width: 700px\" class=\"wp-caption aligncenter\"><img loading=\"lazy\" decoding=\"async\" class=\"wp-image-1584 size-large\" src=\"https:\/\/blogneu.roteskreuz.at\/protect\/wp-content\/uploads\/sites\/8\/2016\/11\/IMG_9436-1024x768.jpg\" width=\"700\" height=\"525\" srcset=\"https:\/\/blogneu.roteskreuz.at\/protect\/wp-content\/uploads\/sites\/8\/2016\/11\/IMG_9436-1024x768.jpg 1024w, https:\/\/blogneu.roteskreuz.at\/protect\/wp-content\/uploads\/sites\/8\/2016\/11\/IMG_9436-300x225.jpg 300w, https:\/\/blogneu.roteskreuz.at\/protect\/wp-content\/uploads\/sites\/8\/2016\/11\/IMG_9436-768x576.jpg 768w\" sizes=\"auto, (max-width: 700px) 100vw, 700px\" \/><figcaption id=\"caption-attachment-1584\" class=\"wp-caption-text\">MultiplikatorInnen der Schulung 11\/2016<\/figcaption><\/figure>\n<p><span style=\"color: #a81313\"><strong>BASIS-SCHULUNG<br \/>\n<\/strong><\/span>Die Ausbildung, um das Projekt <strong><span style=\"color: #a81313\">PROTECT <\/span><\/strong><span style=\"color: #a81313\"><span style=\"color: #000000\">als <a href=\"http:\/\/blog.roteskreuz.at\/protect\/freiwillige-vor\/\">Freiwilliger\/Freiwillige<\/a> zu unterst\u00fctzen findet an einem Wochenende<strong>\u00a0<\/strong>statt. Hierbei lernen die\u00a0<span style=\"color: #993300\"><span style=\"color: #000000\">Freiwilligen \u00fcber das Thema &#8222;Hilfe im Notfall&#8220; und die passenden Pr\u00e4sentationstechniken.<\/span><\/span><\/span><\/span>\u00a0Nat\u00fcrlich stehen hier Spa\u00df und eine angenehme Atmosph\u00e4re im Vordergrund!\u00a0Nach der zweit\u00e4gigen Schulung\u00a0erhalten die\u00a0Teilnehmenden das Zertifikat <strong><span style=\"color: #7a3030\">PROTECT\u00a0<\/span><\/strong><span style=\"color: #a81313\"><strong>&#8222;<\/strong><strong>Hilfe im Notfall TrainerIn&#8220;<\/strong><span style=\"color: #000000\">\u00a0und werden Rotkreuz-Freiwillige, da sie durch die Workshops haftpflicht- und unfallversichert sind..<\/span><\/span><\/p>\n<figure id=\"attachment_1438\" aria-describedby=\"caption-attachment-1438\" style=\"width: 960px\" class=\"wp-caption aligncenter\"><img loading=\"lazy\" decoding=\"async\" class=\"wp-image-1438 size-full\" src=\"https:\/\/blogneu.roteskreuz.at\/protect\/wp-content\/uploads\/sites\/8\/2013\/05\/Selfie_Gruppe.jpg\" width=\"960\" height=\"720\" \/><figcaption id=\"caption-attachment-1438\" class=\"wp-caption-text\">MultiplikatorInnen der Schulung 05\/2016 mit Referent Manuel Br\u00e4uhofer (brainworker)<\/figcaption><\/figure>\n<p><strong><span style=\"color: #991515\">Austausch- und Reflexionstreffen<br \/>\n<\/span><\/strong>Beim Projekt ist es uns wichtig, dass sich die Freiwilligen auch kennen lernen und untereinander \u00fcber ihre Workshops reden k\u00f6nnen, um das Projekt besser machen zu k\u00f6nnen. Wir versuchen uns regelm\u00e4\u00dfig zu treffen, weil eine gute Zusammenarbeit und das Interesse an freiwilliger Arbeit sehr wichtig f\u00fcr PROTECT sind.<\/p>\n<figure id=\"attachment_1247\" aria-describedby=\"caption-attachment-1247\" style=\"width: 1920px\" class=\"wp-caption aligncenter\"><img loading=\"lazy\" decoding=\"async\" class=\"wp-image-1247 size-full\" src=\"https:\/\/blogneu.roteskreuz.at\/protect\/wp-content\/uploads\/sites\/8\/2015\/06\/11232239_10154073518175021_7662682460250717417_o.jpg\" alt=\"Photo: Ren\u00e9 C. Kiesler\" width=\"1920\" height=\"960\" srcset=\"https:\/\/blogneu.roteskreuz.at\/protect\/wp-content\/uploads\/sites\/8\/2015\/06\/11232239_10154073518175021_7662682460250717417_o.jpg 1920w, https:\/\/blogneu.roteskreuz.at\/protect\/wp-content\/uploads\/sites\/8\/2015\/06\/11232239_10154073518175021_7662682460250717417_o-300x150.jpg 300w, https:\/\/blogneu.roteskreuz.at\/protect\/wp-content\/uploads\/sites\/8\/2015\/06\/11232239_10154073518175021_7662682460250717417_o-768x384.jpg 768w, https:\/\/blogneu.roteskreuz.at\/protect\/wp-content\/uploads\/sites\/8\/2015\/06\/11232239_10154073518175021_7662682460250717417_o-1024x512.jpg 1024w\" sizes=\"auto, (max-width: 767px) 89vw, (max-width: 1000px) 54vw, (max-width: 1071px) 543px, 580px\" \/><figcaption id=\"caption-attachment-1247\" class=\"wp-caption-text\">PROTECT-Sommerfest beim Heurigen, Photo: Ren\u00e9 C. Kiesler<\/figcaption><\/figure>\n<figure id=\"attachment_1629\" aria-describedby=\"caption-attachment-1629\" style=\"width: 700px\" class=\"wp-caption aligncenter\"><img loading=\"lazy\" decoding=\"async\" class=\"wp-image-1629 size-large\" src=\"https:\/\/blogneu.roteskreuz.at\/protect\/wp-content\/uploads\/sites\/8\/2013\/05\/WP_20161221_008-1024x575.jpg\" width=\"700\" height=\"393\" \/><figcaption id=\"caption-attachment-1629\" class=\"wp-caption-text\">Vorweihnachtliches Beisammensein 2016<\/figcaption><\/figure>\n","protected":false},"excerpt":{"rendered":"<p>Die Freiwilligen werden in einer\u00a0internen, zweit\u00e4gigen Schulung\u00a0auf ihre T\u00e4tigkeit als TrainerInnen vorbereitet &#8211; Inhalte hierbei sind Grundlagen Erster Hilfe, Brandschutz und Pr\u00e4sentations- und Vortragstechniken. ERSTGESPR\u00c4CH Da uns unser Projekt sehr wichtig ist, ist es uns ein Anliegen die passenden Leute daf\u00fcr zu finden. Deswegen ist es diesmal so, dass wir die Freiwilligen vor der Schulung &hellip; <\/p>\n<p class=\"link-more\"><a href=\"https:\/\/blogneu.roteskreuz.at\/protect\/trainerinnen-ausbildung\/\" class=\"more-link\"><span class=\"screen-reader-text\">\u201eFreiwilligenschulung\u201c<\/span> weiterlesen<\/a><\/p>\n","protected":false},"author":1,"featured_media":0,"parent":0,"menu_order":2,"comment_status":"closed","ping_status":"closed","template":"","meta":{"_monsterinsights_skip_tracking":false,"_monsterinsights_sitenote_active":false,"_monsterinsights_sitenote_note":"","_monsterinsights_sitenote_category":0,"footnotes":""},"class_list":["post-32","page","type-page","status-publish","hentry"],"_links":{"self":[{"href":"https:\/\/blogneu.roteskreuz.at\/protect\/wp-json\/wp\/v2\/pages\/32","targetHints":{"allow":["GET"]}}],"collection":[{"href":"https:\/\/blogneu.roteskreuz.at\/protect\/wp-json\/wp\/v2\/pages"}],"about":[{"href":"https:\/\/blogneu.roteskreuz.at\/protect\/wp-json\/wp\/v2\/types\/page"}],"author":[{"embeddable":true,"href":"https:\/\/blogneu.roteskreuz.at\/protect\/wp-json\/wp\/v2\/users\/1"}],"replies":[{"embeddable":true,"href":"https:\/\/blogneu.roteskreuz.at\/protect\/wp-json\/wp\/v2\/comments?post=32"}],"version-history":[{"count":2,"href":"https:\/\/blogneu.roteskreuz.at\/protect\/wp-json\/wp\/v2\/pages\/32\/revisions"}],"predecessor-version":[{"id":1962,"href":"https:\/\/blogneu.roteskreuz.at\/protect\/wp-json\/wp\/v2\/pages\/32\/revisions\/1962"}],"wp:attachment":[{"href":"https:\/\/blogneu.roteskreuz.at\/protect\/wp-json\/wp\/v2\/media?parent=32"}],"curies":[{"name":"wp","href":"https:\/\/api.w.org\/{rel}","templated":true}]}}