{"id":341,"date":"2013-07-10T16:12:11","date_gmt":"2013-07-10T14:12:11","guid":{"rendered":"http:\/\/blog.roteskreuz.at\/protect\/?page_id=341"},"modified":"2024-04-03T13:11:02","modified_gmt":"2024-04-03T11:11:02","slug":"team","status":"publish","type":"page","link":"https:\/\/blogneu.roteskreuz.at\/protect\/team\/","title":{"rendered":"Kontakt und Team"},"content":{"rendered":"<p>Wir freuen uns jederzeit \u00fcber Anfragen unter <a href=\"mailto:protect@wrk.at\"><strong><span style=\"color: #b30202\">protect@wrk.at<\/span><\/strong><\/a><span style=\"color: #000000\">!<br \/>\n<\/span><span style=\"color: #000000\">Jemand aus unserem Projektteam wird sich so bald als m\u00f6glich bei euch melden:\u00a0<\/span><\/p>\n<p><strong>\u00a0 \u00a0Arlette-Julie LAPIERRE<br \/>\n<span style=\"color: #b30202\">\u00a0 \u00a0Projektleiterin<br \/>\n<\/span><\/strong>Arlette hat im Juni 2021 die Leitung f\u00fcr das Projekt PROTECT \u00fcbernommen, kennt das Projekt aber schon von ihrer freiwilligen T\u00e4tigkeit im Jahr 2019. Beim Roten Kreuz ist sie vorwiegend\u00a0 f\u00fcr Migrations- und Integrationsagenden zust\u00e4ndig.<\/p>\n<p><strong>\u00a0 <\/strong><\/p>\n","protected":false},"excerpt":{"rendered":"<p>Wir freuen uns jederzeit \u00fcber Anfragen unter protect@wrk.at! Jemand aus unserem Projektteam wird sich so bald als m\u00f6glich bei euch melden:\u00a0 \u00a0 \u00a0Arlette-Julie LAPIERRE \u00a0 \u00a0Projektleiterin Arlette hat im Juni 2021 die Leitung f\u00fcr das Projekt PROTECT \u00fcbernommen, kennt das Projekt aber schon von ihrer freiwilligen T\u00e4tigkeit im Jahr 2019. Beim Roten Kreuz ist sie &hellip; <\/p>\n<p class=\"link-more\"><a href=\"https:\/\/blogneu.roteskreuz.at\/protect\/team\/\" class=\"more-link\"><span class=\"screen-reader-text\">\u201eKontakt und Team\u201c<\/span> weiterlesen<\/a><\/p>\n","protected":false},"author":1,"featured_media":0,"parent":0,"menu_order":0,"comment_status":"closed","ping_status":"closed","template":"","meta":{"_monsterinsights_skip_tracking":false,"_monsterinsights_sitenote_active":false,"_monsterinsights_sitenote_note":"","_monsterinsights_sitenote_category":0,"footnotes":""},"class_list":["post-341","page","type-page","status-publish","hentry"],"_links":{"self":[{"href":"https:\/\/blogneu.roteskreuz.at\/protect\/wp-json\/wp\/v2\/pages\/341","targetHints":{"allow":["GET"]}}],"collection":[{"href":"https:\/\/blogneu.roteskreuz.at\/protect\/wp-json\/wp\/v2\/pages"}],"about":[{"href":"https:\/\/blogneu.roteskreuz.at\/protect\/wp-json\/wp\/v2\/types\/page"}],"author":[{"embeddable":true,"href":"https:\/\/blogneu.roteskreuz.at\/protect\/wp-json\/wp\/v2\/users\/1"}],"replies":[{"embeddable":true,"href":"https:\/\/blogneu.roteskreuz.at\/protect\/wp-json\/wp\/v2\/comments?post=341"}],"version-history":[{"count":18,"href":"https:\/\/blogneu.roteskreuz.at\/protect\/wp-json\/wp\/v2\/pages\/341\/revisions"}],"predecessor-version":[{"id":2037,"href":"https:\/\/blogneu.roteskreuz.at\/protect\/wp-json\/wp\/v2\/pages\/341\/revisions\/2037"}],"wp:attachment":[{"href":"https:\/\/blogneu.roteskreuz.at\/protect\/wp-json\/wp\/v2\/media?parent=341"}],"curies":[{"name":"wp","href":"https:\/\/api.w.org\/{rel}","templated":true}]}}