{"id":424,"date":"2013-08-29T15:16:49","date_gmt":"2013-08-29T13:16:49","guid":{"rendered":"http:\/\/blog.roteskreuz.at\/protect\/?page_id=424"},"modified":"2020-04-04T14:30:29","modified_gmt":"2020-04-04T12:30:29","slug":"projektpatinnen","status":"publish","type":"page","link":"https:\/\/blogneu.roteskreuz.at\/protect\/projektpatinnen\/","title":{"rendered":"Testimonials"},"content":{"rendered":"<p><strong><span style=\"color: #961b1b\">\u201ePROTECT<\/span> <\/strong>ist ein Projekt, das verschiedenste \u00a0Menschen zusammenbringt, um mit- und voneinander zu lernen. Begegnungen sind nicht nur das Fundament einer offenen und toleranten Gesellschaft, sie sind nicht zuletzt Garant f\u00fcr ein verst\u00e4ndnisvolles und friedliches Miteinander. In diesem Sinne k\u00f6nnen alle von einem Projekt wie <strong><span style=\"color: #961b1b\">PROTECT<\/span> <\/strong>profitieren, sogar diejenigen, die gar nicht daran teilnehmen.\u201c<br \/>\n<strong>&#8211; Michael Stavaric, Autor<\/strong><\/p>\n<p>Als Pate f\u00fcr<span style=\"color: #961b1b\"><strong> PROTECT<\/strong> <\/span>zu fungieren bedeutet mir sehr viel, denn in schwierigen\u00a0Situationen und Notf\u00e4llen z\u00e4hlt jedes vorstellbare Hilfsangebot. Dank Initiativen wie <strong><span style=\"color: #961b1b\">PROTECT<\/span> <\/strong>werden effiziente und gleichberechtigte Unterst\u00fctzungen an Hilfsbed\u00fcrftige in unserer Umgebung geleistet. Die Freiwilligen von <span style=\"color: #961b1b\"><strong>PROTECT<\/strong> <\/span>werden Br\u00fccken bauen, damit unsere Nachbarn trotz ihrer sprachlichen Barriere<br \/>\ndie erforderliche Hilfe in Notlagen bekommen und den richtigen Weg erfahren, wie sie Zugang zur Hilfe im Notfall erhalten.\u201c<br \/>\n<strong>&#8211; Abd A. Masoud, K\u00fcnstler\u00a0<\/strong><\/p>\n<p>\u201eIch w\u00fcrde mir w\u00fcnschen, dass einfache lebensrettende Ma\u00dfnahmen \u2013 wie beispielsweise die stabile Seitenlage \u2013 so vielen Menschen wie m\u00f6glich bekannt w\u00e4ren. Mama oder Papa \u00fcberleben ein Ungl\u00fcck dank eines so einfachen Eingreifens eines Passanten, ein Kind kann wieder lachen und spielen, weil jemand im Augenblick der Not wusste, wie Leben gerettet werden kann: Derartige Wunder kann jeder von uns bewirken. Das Projekt <span style=\"color: #961b1b\"><strong>PROTECT<\/strong> <\/span>zeigt Menschen wie dir und mir, wie das geht!\u201c<br \/>\n<strong>&#8211; Mag. Sandra Vel\u00e1squez, Kinder-,Jugend- und Familienpsychologin<\/strong><\/p>\n<p><i>\u201e<\/i>Ich unterst\u00fctze das Projekt <span style=\"color: #961b1b\"><strong>PROTECT<\/strong>,<\/span> weil mir Gleichbehandlung und Gerechtigkeit am Herzen liegen und ich mich aktiv gegen Rassismus einsetze. Bei <strong><span style=\"color: #961b1b\">PROTECT<\/span><\/strong> erlernen die Freiwilligen Wichtiges \u00fcber das richtige Verhalten nach Not- und Unf\u00e4llen und wie diese lebenswichtigen Inhalte zielgruppengerecht in die Communities weitertragen k\u00f6nnen \u2013 dies tr\u00e4gt dazu bei, den Zugang zur Hilfe im Notfall zu erleichtern und die Partizipation von Migrantinnen und Migranten zu st\u00e4rken.\u201c<br \/>\n<strong>&#8211; Melih G\u00f6rdesli, Autor<\/strong><\/p>\n<p>&#8222;In einer Gesellschaft, in der Selbstinszenierung immer wichtiger wird<br \/>\nals Substanz, der Schein oft mehr z\u00e4hlt als aktives Handeln, ist ein Projekt wie <span style=\"color: #961b1b\"><strong>PROTECT<\/strong><\/span> besonders wichtig. Projekte wie dieses sind die Grundvoraussetzung f\u00fcr eine offene Gesellschaft, in der Verantwortung f\u00fcr den Mitmenschen eine Selbstverst\u00e4ndlichkeit sein sollte, und der Respekt f\u00fcr andere bedeutet, dass man f\u00e4hig und willens ist, ihnen in Notf\u00e4llen und schwierigen Situationen zu helfen. Dass es Menschen gibt, die dazu bereit sind, dass sie sich engagieren, dass sie anderen helfen und ihr Wissen weitergeben, schafft Hoffnung f\u00fcr die Zukunft. F\u00fcr mich ist es eine gro\u00dfe Ehre, das Projekt <span style=\"color: #961b1b\"><strong>PROTECT<\/strong><\/span> zu unterst\u00fctzen und als Pate zu fungieren!&#8220;<br \/>\n<strong>&#8211; Vladimir Vertlib, Autor<\/strong><\/p>\n","protected":false},"excerpt":{"rendered":"<p>\u201ePROTECT ist ein Projekt, das verschiedenste \u00a0Menschen zusammenbringt, um mit- und voneinander zu lernen. Begegnungen sind nicht nur das Fundament einer offenen und toleranten Gesellschaft, sie sind nicht zuletzt Garant f\u00fcr ein verst\u00e4ndnisvolles und friedliches Miteinander. In diesem Sinne k\u00f6nnen alle von einem Projekt wie PROTECT profitieren, sogar diejenigen, die gar nicht daran teilnehmen.\u201c &#8211; &hellip; <\/p>\n<p class=\"link-more\"><a href=\"https:\/\/blogneu.roteskreuz.at\/protect\/projektpatinnen\/\" class=\"more-link\"><span class=\"screen-reader-text\">\u201eTestimonials\u201c<\/span> weiterlesen<\/a><\/p>\n","protected":false},"author":1,"featured_media":1485,"parent":0,"menu_order":0,"comment_status":"closed","ping_status":"closed","template":"","meta":{"_monsterinsights_skip_tracking":false,"_monsterinsights_sitenote_active":false,"_monsterinsights_sitenote_note":"","_monsterinsights_sitenote_category":0,"footnotes":""},"class_list":["post-424","page","type-page","status-publish","has-post-thumbnail","hentry"],"_links":{"self":[{"href":"https:\/\/blogneu.roteskreuz.at\/protect\/wp-json\/wp\/v2\/pages\/424","targetHints":{"allow":["GET"]}}],"collection":[{"href":"https:\/\/blogneu.roteskreuz.at\/protect\/wp-json\/wp\/v2\/pages"}],"about":[{"href":"https:\/\/blogneu.roteskreuz.at\/protect\/wp-json\/wp\/v2\/types\/page"}],"author":[{"embeddable":true,"href":"https:\/\/blogneu.roteskreuz.at\/protect\/wp-json\/wp\/v2\/users\/1"}],"replies":[{"embeddable":true,"href":"https:\/\/blogneu.roteskreuz.at\/protect\/wp-json\/wp\/v2\/comments?post=424"}],"version-history":[{"count":2,"href":"https:\/\/blogneu.roteskreuz.at\/protect\/wp-json\/wp\/v2\/pages\/424\/revisions"}],"predecessor-version":[{"id":1959,"href":"https:\/\/blogneu.roteskreuz.at\/protect\/wp-json\/wp\/v2\/pages\/424\/revisions\/1959"}],"wp:featuredmedia":[{"embeddable":true,"href":"https:\/\/blogneu.roteskreuz.at\/protect\/wp-json\/wp\/v2\/media\/1485"}],"wp:attachment":[{"href":"https:\/\/blogneu.roteskreuz.at\/protect\/wp-json\/wp\/v2\/media?parent=424"}],"curies":[{"name":"wp","href":"https:\/\/api.w.org\/{rel}","templated":true}]}}