{"id":66,"date":"2013-05-10T13:38:05","date_gmt":"2013-05-10T11:38:05","guid":{"rendered":"http:\/\/blog.roteskreuz.at\/protect\/?page_id=66"},"modified":"2020-04-07T16:42:36","modified_gmt":"2020-04-07T14:42:36","slug":"home","status":"publish","type":"page","link":"https:\/\/blogneu.roteskreuz.at\/protect\/","title":{"rendered":"PROTECT &#8211; Wir f\u00fcr Wien &#8211; Willkommen!"},"content":{"rendered":"\n<figure class=\"wp-block-image size-large\"><img loading=\"lazy\" decoding=\"async\" width=\"1024\" height=\"768\" src=\"https:\/\/blogneu.roteskreuz.at\/protect\/wp-content\/uploads\/sites\/8\/2020\/04\/IMG_20200127_110632-min-1-1024x768.jpg\" alt=\"\" class=\"wp-image-1985\" srcset=\"https:\/\/blogneu.roteskreuz.at\/protect\/wp-content\/uploads\/sites\/8\/2020\/04\/IMG_20200127_110632-min-1-1024x768.jpg 1024w, https:\/\/blogneu.roteskreuz.at\/protect\/wp-content\/uploads\/sites\/8\/2020\/04\/IMG_20200127_110632-min-1-300x225.jpg 300w, https:\/\/blogneu.roteskreuz.at\/protect\/wp-content\/uploads\/sites\/8\/2020\/04\/IMG_20200127_110632-min-1-768x576.jpg 768w, https:\/\/blogneu.roteskreuz.at\/protect\/wp-content\/uploads\/sites\/8\/2020\/04\/IMG_20200127_110632-min-1-1536x1152.jpg 1536w, https:\/\/blogneu.roteskreuz.at\/protect\/wp-content\/uploads\/sites\/8\/2020\/04\/IMG_20200127_110632-min-1-2048x1536.jpg 2048w, https:\/\/blogneu.roteskreuz.at\/protect\/wp-content\/uploads\/sites\/8\/2020\/04\/IMG_20200127_110632-min-1-840x630.jpg 840w, https:\/\/blogneu.roteskreuz.at\/protect\/wp-content\/uploads\/sites\/8\/2020\/04\/IMG_20200127_110632-min-1-440x330.jpg 440w\" sizes=\"auto, (max-width: 767px) 89vw, (max-width: 1000px) 54vw, (max-width: 1071px) 543px, 580px\" \/><\/figure>\n\n\n\n<p><\/p>\n\n\n\n<p><strong>Herzlich Wollkommen auf der Homepage des Projekts &#8218;PROTECT&#8216;! <br><\/strong><br>Wir &#8211; das PROTECT-Team und seine zahlreichen Freiwilligen, freuen uns, dass wir dich begr\u00fc\u00dfen d\u00fcrfen &#8211; sei es als zuk\u00fcnftige(n) Freiwillige(n) oder InteressentIn f\u00fcr unsere Workshops &#8211; hier findest du alle wichtigen Informationen. <\/p>\n","protected":false},"excerpt":{"rendered":"<p>Herzlich Wollkommen auf der Homepage des Projekts &#8218;PROTECT&#8216;! Wir &#8211; das PROTECT-Team und seine zahlreichen Freiwilligen, freuen uns, dass wir dich begr\u00fc\u00dfen d\u00fcrfen &#8211; sei es als zuk\u00fcnftige(n) Freiwillige(n) oder InteressentIn f\u00fcr unsere Workshops &#8211; hier findest du alle wichtigen Informationen.<\/p>\n","protected":false},"author":1,"featured_media":0,"parent":0,"menu_order":0,"comment_status":"closed","ping_status":"closed","template":"","meta":{"_monsterinsights_skip_tracking":false,"_monsterinsights_sitenote_active":false,"_monsterinsights_sitenote_note":"","_monsterinsights_sitenote_category":0,"footnotes":""},"class_list":["post-66","page","type-page","status-publish","hentry"],"_links":{"self":[{"href":"https:\/\/blogneu.roteskreuz.at\/protect\/wp-json\/wp\/v2\/pages\/66","targetHints":{"allow":["GET"]}}],"collection":[{"href":"https:\/\/blogneu.roteskreuz.at\/protect\/wp-json\/wp\/v2\/pages"}],"about":[{"href":"https:\/\/blogneu.roteskreuz.at\/protect\/wp-json\/wp\/v2\/types\/page"}],"author":[{"embeddable":true,"href":"https:\/\/blogneu.roteskreuz.at\/protect\/wp-json\/wp\/v2\/users\/1"}],"replies":[{"embeddable":true,"href":"https:\/\/blogneu.roteskreuz.at\/protect\/wp-json\/wp\/v2\/comments?post=66"}],"version-history":[{"count":2,"href":"https:\/\/blogneu.roteskreuz.at\/protect\/wp-json\/wp\/v2\/pages\/66\/revisions"}],"predecessor-version":[{"id":1983,"href":"https:\/\/blogneu.roteskreuz.at\/protect\/wp-json\/wp\/v2\/pages\/66\/revisions\/1983"}],"wp:attachment":[{"href":"https:\/\/blogneu.roteskreuz.at\/protect\/wp-json\/wp\/v2\/media?parent=66"}],"curies":[{"name":"wp","href":"https:\/\/api.w.org\/{rel}","templated":true}]}}