{"id":712,"date":"2013-11-05T15:56:48","date_gmt":"2013-11-05T13:56:48","guid":{"rendered":"http:\/\/blog.roteskreuz.at\/protect\/?page_id=712"},"modified":"2020-04-04T14:35:49","modified_gmt":"2020-04-04T12:35:49","slug":"impressum","status":"publish","type":"page","link":"https:\/\/blogneu.roteskreuz.at\/protect\/impressum\/","title":{"rendered":"Impressum"},"content":{"rendered":"<h2>F\u00fcr diese Website verantwortlicher Herausgeber:<\/h2>\n<h2>\u00d6RK LV Wien<\/h2>\n<p>ZVR: 981591369<\/p>\n<h3>Kontaktdaten:<\/h3>\n<p>Nottendorfer Gasse 21<br \/>\nA-1030 Wien<br \/>\n\u00d6sterreich<\/p>\n<p>Telefon: +0043 50144 (Servicetelefon)<br \/>\nE-Mail: \u00a0protect@wrk.at<br \/>\nInternet: <a href=\"http:\/\/www.roteskreuz.at\/wien\/katastrophenhilfe\/projekt-protect\/\">www.wrk.at<\/a><\/p>\n<p>Blogadministration:<br \/>\nElla-Maria Moritz (Wiener Rotes Kreuz)<\/p>\n<h3>Bildernachweis:<\/h3>\n<p>copyright: WRK\/ProtectWfW. Der Blog-Betreiber\u00a0ist bestrebt, in allen Publikationen die Urheberrechte der verwendeten Bilder, Grafiken, Tondokumente, Videosequenzen und Texte zu beachten, von ihm selbst erstellte Bilder, Grafiken, Tondokumente, Videosequenzen und Texte zu nutzen oder auf lizenzfreie Grafiken, Tondokumente, Videosequenzen und Texte zur\u00fcckzugreifen. Alle innerhalb des Internetangebotes genannten und ggf. durch Dritte gesch\u00fctzten Marken- und Warenzeichen unterliegen uneingeschr\u00e4nkt den Bestimmungen des jeweils g\u00fcltigen Kennzeichenrechts und den Besitzrechten der jeweiligen eingetragenen Eigent\u00fcmer. Allein aufgrund der blo\u00dfen Nennung ist nicht der Schluss zu ziehen, dass Markenzeichen nicht durch Rechte Dritter gesch\u00fctzt sind! Das Copyright f\u00fcr ver\u00f6ffentlichte, vom Blog-AutorInnenteam\u00a0selbst erstellte Objekte bleibt allein beim\u00a0Blog-Betreiber.\u00a0<span style=\"font-size: 13px\">Eine Vervielf\u00e4ltigung oder Verwendung solcher Grafiken, Tondokumente, Videosequenzen und Texte in anderen elektronischen oder gedruckten Publikationen ist ohne ausdr\u00fcckliche Zustimmung des Autors nicht gestattet.<br \/>\n<\/span><\/p>\n<h3>Copyright:<br \/>\nby Blogs beim \u00d6sterreichischen Roten Kreuz. All rights reserved.<\/h3>\n","protected":false},"excerpt":{"rendered":"<p>F\u00fcr diese Website verantwortlicher Herausgeber: \u00d6RK LV Wien ZVR: 981591369 Kontaktdaten: Nottendorfer Gasse 21 A-1030 Wien \u00d6sterreich Telefon: +0043 50144 (Servicetelefon) E-Mail: \u00a0protect@wrk.at Internet: www.wrk.at Blogadministration: Ella-Maria Moritz (Wiener Rotes Kreuz) Bildernachweis: copyright: WRK\/ProtectWfW. Der Blog-Betreiber\u00a0ist bestrebt, in allen Publikationen die Urheberrechte der verwendeten Bilder, Grafiken, Tondokumente, Videosequenzen und Texte zu beachten, von ihm selbst &hellip; <\/p>\n<p class=\"link-more\"><a href=\"https:\/\/blogneu.roteskreuz.at\/protect\/impressum\/\" class=\"more-link\"><span class=\"screen-reader-text\">\u201eImpressum\u201c<\/span> weiterlesen<\/a><\/p>\n","protected":false},"author":1,"featured_media":0,"parent":0,"menu_order":0,"comment_status":"closed","ping_status":"closed","template":"","meta":{"_monsterinsights_skip_tracking":false,"_monsterinsights_sitenote_active":false,"_monsterinsights_sitenote_note":"","_monsterinsights_sitenote_category":0,"footnotes":""},"class_list":["post-712","page","type-page","status-publish","hentry"],"_links":{"self":[{"href":"https:\/\/blogneu.roteskreuz.at\/protect\/wp-json\/wp\/v2\/pages\/712","targetHints":{"allow":["GET"]}}],"collection":[{"href":"https:\/\/blogneu.roteskreuz.at\/protect\/wp-json\/wp\/v2\/pages"}],"about":[{"href":"https:\/\/blogneu.roteskreuz.at\/protect\/wp-json\/wp\/v2\/types\/page"}],"author":[{"embeddable":true,"href":"https:\/\/blogneu.roteskreuz.at\/protect\/wp-json\/wp\/v2\/users\/1"}],"replies":[{"embeddable":true,"href":"https:\/\/blogneu.roteskreuz.at\/protect\/wp-json\/wp\/v2\/comments?post=712"}],"version-history":[{"count":3,"href":"https:\/\/blogneu.roteskreuz.at\/protect\/wp-json\/wp\/v2\/pages\/712\/revisions"}],"predecessor-version":[{"id":1964,"href":"https:\/\/blogneu.roteskreuz.at\/protect\/wp-json\/wp\/v2\/pages\/712\/revisions\/1964"}],"wp:attachment":[{"href":"https:\/\/blogneu.roteskreuz.at\/protect\/wp-json\/wp\/v2\/media?parent=712"}],"curies":[{"name":"wp","href":"https:\/\/api.w.org\/{rel}","templated":true}]}}